{"id":2117,"date":"2025-04-14T23:27:37","date_gmt":"2025-04-15T03:27:37","guid":{"rendered":"https:\/\/rahmanlawpllc.com\/es\/?page_id=2117"},"modified":"2026-01-29T22:44:28","modified_gmt":"2026-01-30T03:44:28","slug":"cuidado-cuentas-falsas-haciendose-pasar-nuestro-despacho","status":"publish","type":"page","link":"https:\/\/rahmanlawpllc.com\/es\/cuidado-cuentas-falsas-haciendose-pasar-nuestro-despacho\/","title":{"rendered":"Aviso Importante: Cuidado con Cuentas Falsas Haci\u00e9ndose Pasar por Nuestro Despacho"},"content":{"rendered":"\n<p>Hemos detectado un aumento en cuentas fraudulentas que se hacen pasar por la Abogada Moumita Rahman o Moumita Rahman-Abogados de Inmigraci\u00f3n. Estos impostores han aparecido en plataformas como Telegram, WhatsApp, TikTok, Facebook y otras.<\/p>\n\n\n\n<p>Para protegerte, ten en cuenta lo siguiente:<\/p>\n\n\n\n<div class=\"wp-block-group is-vertical is-content-justification-stretch is-nowrap is-layout-flex wp-container-core-group-is-layout-164998ff wp-block-group-is-layout-flex\" style=\"margin-top:0px;margin-bottom:0px;padding-top:var(--wp--preset--spacing--30);padding-right:0px;padding-bottom:var(--wp--preset--spacing--30);padding-left:0px\">\n<div class=\"wp-block-group is-nowrap is-layout-flex wp-container-core-group-is-layout-b6ddaebb wp-block-group-is-layout-flex\" style=\"margin-bottom:0.5rem\">\n<p class=\"has-text-align-center has-medium-font-size wp-container-content-2cb1e7d4\" style=\"margin-top:0px;margin-bottom:0px\">\u2757\ufe0f<\/p>\n\n\n\n<div class=\"wp-block-group is-layout-constrained wp-block-group-is-layout-constrained\" style=\"min-height:100%\">\n<p><strong><strong>NO tenemos cuentas oficiales en Telegram ni WhatsApp<\/strong><\/strong><\/p>\n<\/div>\n<\/div>\n<\/div>\n\n\n\n<p>Si esto cambia en alg\u00fan momento, lo comunicaremos claramente a trav\u00e9s de nuestros canales oficiales.<\/p>\n\n\n\n<p><strong><strong>Nuestras cuentas oficiales en redes sociales y contactos son:<\/strong><\/strong><\/p>\n\n\n\n<ul class=\"wp-block-list\">\n<li><strong>Facebook:<\/strong> <a href=\"https:\/\/www.facebook.com\/abogadamoumita\" target=\"_blank\" rel=\"noreferrer noopener\">https:\/\/www.facebook.com\/abogadamoumita<\/a><\/li>\n\n\n\n<li><strong>Instagram:<\/strong> <a href=\"https:\/\/www.instagram.com\/immigration_attorney_moumita\/\" target=\"_blank\" rel=\"noreferrer noopener\">https:\/\/www.instagram.com\/immigration_attorney_moumita\/<\/a><\/li>\n\n\n\n<li><strong>YouTube:<\/strong>\n<ul class=\"wp-block-list\">\n<li><a href=\"https:\/\/www.youtube.com\/@ImmigrationAttorney\">https:\/\/www.youtube.com\/@ImmigrationAttorney<\/a><\/li>\n\n\n\n<li><a href=\"https:\/\/www.youtube.com\/@abogadamoumita\" target=\"_blank\" rel=\"noreferrer noopener\">https:\/\/www.youtube.com\/@abogadamoumita<\/a><\/li>\n<\/ul>\n<\/li>\n\n\n\n<li><strong>TikTok:<\/strong> <a href=\"https:\/\/www.tiktok.com\/@immigrationlawyermoumita\" target=\"_blank\" rel=\"noreferrer noopener\">https:\/\/www.tiktok.com\/@immigrationlawyermoumita<\/a><\/li>\n\n\n\n<li><strong>LinkedIn:<\/strong> <a href=\"https:\/\/www.linkedin.com\/company\/rahmanlawfirm\/\" target=\"_blank\" rel=\"noreferrer noopener\">https:\/\/www.linkedin.com\/company\/rahmanlawfirm\/<\/a><\/li>\n<\/ul>\n\n\n\n<p>\ud83d\udea8 Si ves una cuenta sospechosa o falsa, env\u00edanos un mensaje directamente a trav\u00e9s de cualquiera de nuestras cuentas oficiales en redes sociales o <strong>llama a nuestra oficina al <a href=\"tel:212-248-7907\">212-248-7907<\/a><\/strong> para reportarla.<\/p>\n\n\n\n<p>Gracias por ayudarnos a proteger nuestra comunidad y frenar la propagaci\u00f3n de informaci\u00f3n falsa. Tu seguridad y confianza son nuestra m\u00e1xima prioridad.<\/p>\n\n\n\n<p><\/p>\n\n\n\n<p class=\"has-text-align-right\"><strong><strong>Moumita Rahman-Abogados de Inmigraci\u00f3n<\/strong><\/strong><\/p>\n","protected":false},"excerpt":{"rendered":"<p>Hemos detectado un aumento en cuentas fraudulentas que se hacen&hellip;<\/p>\n","protected":false},"author":4,"featured_media":0,"parent":0,"menu_order":19,"comment_status":"closed","ping_status":"closed","template":"","meta":{"_acf_changed":false,"inline_featured_image":false,"_trash_the_other_posts":false,"editor_notices":[],"footnotes":""},"class_list":["post-2117","page","type-page","status-publish","hentry","aviso-importante-cuidado-con-cuentas-falsas-haciendose-pasar-por-nuestro-despacho"],"acf":[],"yoast_head":"<!-- This site is optimized with the Yoast SEO plugin v26.3 - https:\/\/yoast.com\/wordpress\/plugins\/seo\/ -->\n<title>Aviso Importante: Cuidado con Cuentas Falsas Haci\u00e9ndose Pasar por Nuestro Despacho | Moumita Rahman \u2013 Abogados de Inmigraci\u00f3n<\/title>\n<meta name=\"robots\" content=\"index, follow, max-snippet:-1, max-image-preview:large, max-video-preview:-1\" \/>\n<link rel=\"canonical\" href=\"https:\/\/rahmanlawpllc.com\/es\/cuidado-cuentas-falsas-haciendose-pasar-nuestro-despacho\/\" \/>\n<meta property=\"og:locale\" content=\"es_ES\" \/>\n<meta property=\"og:type\" content=\"article\" \/>\n<meta property=\"og:title\" content=\"Aviso Importante: Cuidado con Cuentas Falsas Haci\u00e9ndose Pasar por Nuestro Despacho | Moumita Rahman \u2013 Abogados de Inmigraci\u00f3n\" \/>\n<meta property=\"og:description\" content=\"Hemos detectado un aumento en cuentas fraudulentas que se hacen&hellip;\" \/>\n<meta property=\"og:url\" content=\"https:\/\/rahmanlawpllc.com\/es\/cuidado-cuentas-falsas-haciendose-pasar-nuestro-despacho\/\" \/>\n<meta property=\"og:site_name\" content=\"Moumita Rahman \u2013 Abogados de Inmigraci\u00f3n\" \/>\n<meta property=\"article:publisher\" content=\"https:\/\/www.facebook.com\/abogadamoumita\" \/>\n<meta property=\"article:modified_time\" content=\"2026-01-30T03:44:28+00:00\" \/>\n<meta property=\"og:image\" content=\"https:\/\/rahmanlawpllc.com\/es\/wp-content\/uploads\/sites\/2\/2025\/09\/moumita-rahman-abogados-de-inmigracion.webp\" \/>\n\t<meta property=\"og:image:width\" content=\"1200\" \/>\n\t<meta property=\"og:image:height\" content=\"675\" \/>\n\t<meta property=\"og:image:type\" content=\"image\/jpeg\" \/>\n<meta name=\"twitter:card\" content=\"summary_large_image\" \/>\n<meta name=\"twitter:label1\" content=\"Tiempo de lectura\" \/>\n\t<meta name=\"twitter:data1\" content=\"1 minuto\" \/>\n<script type=\"application\/ld+json\" class=\"yoast-schema-graph\">{\"@context\":\"https:\/\/schema.org\",\"@graph\":[{\"@type\":\"WebPage\",\"@id\":\"https:\/\/rahmanlawpllc.com\/es\/cuidado-cuentas-falsas-haciendose-pasar-nuestro-despacho\/\",\"url\":\"https:\/\/rahmanlawpllc.com\/es\/cuidado-cuentas-falsas-haciendose-pasar-nuestro-despacho\/\",\"name\":\"Aviso Importante: Cuidado con Cuentas Falsas Haci\u00e9ndose Pasar por Nuestro Despacho | Moumita Rahman \u2013 Abogados de Inmigraci\u00f3n\",\"isPartOf\":{\"@id\":\"https:\/\/www.rahmanlawpllc.com\/es\/#website\"},\"datePublished\":\"2025-04-15T03:27:37+00:00\",\"dateModified\":\"2026-01-30T03:44:28+00:00\",\"breadcrumb\":{\"@id\":\"https:\/\/rahmanlawpllc.com\/es\/cuidado-cuentas-falsas-haciendose-pasar-nuestro-despacho\/#breadcrumb\"},\"inLanguage\":\"es\",\"potentialAction\":[{\"@type\":\"ReadAction\",\"target\":[\"https:\/\/rahmanlawpllc.com\/es\/cuidado-cuentas-falsas-haciendose-pasar-nuestro-despacho\/\"]}]},{\"@type\":\"BreadcrumbList\",\"@id\":\"https:\/\/rahmanlawpllc.com\/es\/cuidado-cuentas-falsas-haciendose-pasar-nuestro-despacho\/#breadcrumb\",\"itemListElement\":[{\"@type\":\"ListItem\",\"position\":1,\"name\":\"Home\",\"item\":\"https:\/\/www.rahmanlawpllc.com\/es\/\"},{\"@type\":\"ListItem\",\"position\":2,\"name\":\"Aviso Importante: Cuidado con Cuentas Falsas Haci\u00e9ndose Pasar por Nuestro Despacho\"}]},{\"@type\":\"WebSite\",\"@id\":\"https:\/\/www.rahmanlawpllc.com\/es\/#website\",\"url\":\"https:\/\/www.rahmanlawpllc.com\/es\/\",\"name\":\"Moumita Rahman\",\"description\":\"Abogados de Inmigraci\u00f3n\",\"publisher\":{\"@id\":\"https:\/\/www.rahmanlawpllc.com\/es\/#organization\"},\"potentialAction\":[{\"@type\":\"SearchAction\",\"target\":{\"@type\":\"EntryPoint\",\"urlTemplate\":\"https:\/\/www.rahmanlawpllc.com\/es\/?s={search_term_string}\"},\"query-input\":{\"@type\":\"PropertyValueSpecification\",\"valueRequired\":true,\"valueName\":\"search_term_string\"}}],\"inLanguage\":\"es\"},{\"@type\":\"Organization\",\"@id\":\"https:\/\/www.rahmanlawpllc.com\/es\/#organization\",\"name\":\"The Law Firm of Moumita Rahman\",\"alternateName\":\"Moumita Rahman-Abogados de Inmigraci\u00f3n\",\"url\":\"https:\/\/www.rahmanlawpllc.com\/es\/\",\"logo\":{\"@type\":\"ImageObject\",\"inLanguage\":\"es\",\"@id\":\"https:\/\/www.rahmanlawpllc.com\/es\/#\/schema\/logo\/image\/\",\"url\":\"https:\/\/rahmanlawpllc.com\/es\/wp-content\/uploads\/sites\/2\/2025\/09\/moumita-rahman-abogados-de-inmigracion-org-logo.webp\",\"contentUrl\":\"https:\/\/rahmanlawpllc.com\/es\/wp-content\/uploads\/sites\/2\/2025\/09\/moumita-rahman-abogados-de-inmigracion-org-logo.webp\",\"width\":1200,\"height\":1200,\"caption\":\"The Law Firm of Moumita Rahman\"},\"image\":{\"@id\":\"https:\/\/www.rahmanlawpllc.com\/es\/#\/schema\/logo\/image\/\"},\"sameAs\":[\"https:\/\/www.facebook.com\/abogadamoumita\",\"https:\/\/www.instagram.com\/immigration_attorney_moumita\/\",\"https:\/\/www.youtube.com\/channel\/UCv4LsR5Xsu2BFCKQVv21SeQ\",\"https:\/\/www.tiktok.com\/@immigrationlawyermoumita\",\"https:\/\/www.linkedin.com\/company\/rahmanlawfirm\/\"]}]}<\/script>\n<!-- \/ Yoast SEO plugin. -->","yoast_head_json":{"title":"Aviso Importante: Cuidado con Cuentas Falsas Haci\u00e9ndose Pasar por Nuestro Despacho | Moumita Rahman \u2013 Abogados de Inmigraci\u00f3n","robots":{"index":"index","follow":"follow","max-snippet":"max-snippet:-1","max-image-preview":"max-image-preview:large","max-video-preview":"max-video-preview:-1"},"canonical":"https:\/\/rahmanlawpllc.com\/es\/cuidado-cuentas-falsas-haciendose-pasar-nuestro-despacho\/","og_locale":"es_ES","og_type":"article","og_title":"Aviso Importante: Cuidado con Cuentas Falsas Haci\u00e9ndose Pasar por Nuestro Despacho | Moumita Rahman \u2013 Abogados de Inmigraci\u00f3n","og_description":"Hemos detectado un aumento en cuentas fraudulentas que se hacen&hellip;","og_url":"https:\/\/rahmanlawpllc.com\/es\/cuidado-cuentas-falsas-haciendose-pasar-nuestro-despacho\/","og_site_name":"Moumita Rahman \u2013 Abogados de Inmigraci\u00f3n","article_publisher":"https:\/\/www.facebook.com\/abogadamoumita","article_modified_time":"2026-01-30T03:44:28+00:00","og_image":[{"width":1200,"height":675,"url":"https:\/\/rahmanlawpllc.com\/es\/wp-content\/uploads\/sites\/2\/2025\/09\/moumita-rahman-abogados-de-inmigracion.webp","type":"image\/jpeg"}],"twitter_card":"summary_large_image","twitter_misc":{"Tiempo de lectura":"1 minuto"},"schema":{"@context":"https:\/\/schema.org","@graph":[{"@type":"WebPage","@id":"https:\/\/rahmanlawpllc.com\/es\/cuidado-cuentas-falsas-haciendose-pasar-nuestro-despacho\/","url":"https:\/\/rahmanlawpllc.com\/es\/cuidado-cuentas-falsas-haciendose-pasar-nuestro-despacho\/","name":"Aviso Importante: Cuidado con Cuentas Falsas Haci\u00e9ndose Pasar por Nuestro Despacho | Moumita Rahman \u2013 Abogados de Inmigraci\u00f3n","isPartOf":{"@id":"https:\/\/www.rahmanlawpllc.com\/es\/#website"},"datePublished":"2025-04-15T03:27:37+00:00","dateModified":"2026-01-30T03:44:28+00:00","breadcrumb":{"@id":"https:\/\/rahmanlawpllc.com\/es\/cuidado-cuentas-falsas-haciendose-pasar-nuestro-despacho\/#breadcrumb"},"inLanguage":"es","potentialAction":[{"@type":"ReadAction","target":["https:\/\/rahmanlawpllc.com\/es\/cuidado-cuentas-falsas-haciendose-pasar-nuestro-despacho\/"]}]},{"@type":"BreadcrumbList","@id":"https:\/\/rahmanlawpllc.com\/es\/cuidado-cuentas-falsas-haciendose-pasar-nuestro-despacho\/#breadcrumb","itemListElement":[{"@type":"ListItem","position":1,"name":"Home","item":"https:\/\/www.rahmanlawpllc.com\/es\/"},{"@type":"ListItem","position":2,"name":"Aviso Importante: Cuidado con Cuentas Falsas Haci\u00e9ndose Pasar por Nuestro Despacho"}]},{"@type":"WebSite","@id":"https:\/\/www.rahmanlawpllc.com\/es\/#website","url":"https:\/\/www.rahmanlawpllc.com\/es\/","name":"Moumita Rahman","description":"Abogados de Inmigraci\u00f3n","publisher":{"@id":"https:\/\/www.rahmanlawpllc.com\/es\/#organization"},"potentialAction":[{"@type":"SearchAction","target":{"@type":"EntryPoint","urlTemplate":"https:\/\/www.rahmanlawpllc.com\/es\/?s={search_term_string}"},"query-input":{"@type":"PropertyValueSpecification","valueRequired":true,"valueName":"search_term_string"}}],"inLanguage":"es"},{"@type":"Organization","@id":"https:\/\/www.rahmanlawpllc.com\/es\/#organization","name":"The Law Firm of Moumita Rahman","alternateName":"Moumita Rahman-Abogados de Inmigraci\u00f3n","url":"https:\/\/www.rahmanlawpllc.com\/es\/","logo":{"@type":"ImageObject","inLanguage":"es","@id":"https:\/\/www.rahmanlawpllc.com\/es\/#\/schema\/logo\/image\/","url":"https:\/\/rahmanlawpllc.com\/es\/wp-content\/uploads\/sites\/2\/2025\/09\/moumita-rahman-abogados-de-inmigracion-org-logo.webp","contentUrl":"https:\/\/rahmanlawpllc.com\/es\/wp-content\/uploads\/sites\/2\/2025\/09\/moumita-rahman-abogados-de-inmigracion-org-logo.webp","width":1200,"height":1200,"caption":"The Law Firm of Moumita Rahman"},"image":{"@id":"https:\/\/www.rahmanlawpllc.com\/es\/#\/schema\/logo\/image\/"},"sameAs":["https:\/\/www.facebook.com\/abogadamoumita","https:\/\/www.instagram.com\/immigration_attorney_moumita\/","https:\/\/www.youtube.com\/channel\/UCv4LsR5Xsu2BFCKQVv21SeQ","https:\/\/www.tiktok.com\/@immigrationlawyermoumita","https:\/\/www.linkedin.com\/company\/rahmanlawfirm\/"]}]}},"_links":{"self":[{"href":"https:\/\/rahmanlawpllc.com\/es\/wp-json\/wp\/v2\/pages\/2117","targetHints":{"allow":["GET"]}}],"collection":[{"href":"https:\/\/rahmanlawpllc.com\/es\/wp-json\/wp\/v2\/pages"}],"about":[{"href":"https:\/\/rahmanlawpllc.com\/es\/wp-json\/wp\/v2\/types\/page"}],"author":[{"embeddable":true,"href":"https:\/\/rahmanlawpllc.com\/es\/wp-json\/wp\/v2\/users\/4"}],"replies":[{"embeddable":true,"href":"https:\/\/rahmanlawpllc.com\/es\/wp-json\/wp\/v2\/comments?post=2117"}],"version-history":[{"count":0,"href":"https:\/\/rahmanlawpllc.com\/es\/wp-json\/wp\/v2\/pages\/2117\/revisions"}],"wp:attachment":[{"href":"https:\/\/rahmanlawpllc.com\/es\/wp-json\/wp\/v2\/media?parent=2117"}],"curies":[{"name":"wp","href":"https:\/\/api.w.org\/{rel}","templated":true}]}}