{"id":440,"date":"2025-02-12T12:27:17","date_gmt":"2025-02-12T17:27:17","guid":{"rendered":"https:\/\/rahmanlawpllc.com\/es\/?page_id=440"},"modified":"2025-10-16T23:52:27","modified_gmt":"2025-10-17T03:52:27","slug":"residencia-permanente","status":"publish","type":"page","link":"https:\/\/rahmanlawpllc.com\/es\/servicios-migratorios\/residencia-permanente\/","title":{"rendered":"Residencia permanente"},"content":{"rendered":"","protected":false},"excerpt":{"rendered":"","protected":false},"author":1,"featured_media":976,"parent":2382,"menu_order":6,"comment_status":"closed","ping_status":"closed","template":"templates\/page-flexible-content.php","meta":{"_acf_changed":false,"inline_featured_image":false,"_trash_the_other_posts":false,"editor_notices":[],"footnotes":""},"class_list":["post-440","page","type-page","status-publish","has-post-thumbnail","hentry","residencia-permanente"],"acf":[],"yoast_head":"<!-- This site is optimized with the Yoast SEO plugin v26.3 - https:\/\/yoast.com\/wordpress\/plugins\/seo\/ -->\n<title>Abogados para residencia permanente | Moumita Rahman \u2013 Abogados de Inmigraci\u00f3n<\/title>\n<meta name=\"description\" content=\"Nuestros abogados para residencia permanente est\u00e1n listos para ayudarte sin importar lo complejo de tu caso. Hablamos espa\u00f1ol. \u00a1Cont\u00e1ctanos!\" \/>\n<meta name=\"robots\" content=\"index, follow, max-snippet:-1, max-image-preview:large, max-video-preview:-1\" \/>\n<link rel=\"canonical\" href=\"https:\/\/www.rahmanlawpllc.com\/es\/servicios-migratorios\/residencia-permanente\/\" \/>\n<meta property=\"og:locale\" content=\"es_ES\" \/>\n<meta property=\"og:type\" content=\"article\" \/>\n<meta property=\"og:title\" content=\"Abogados para residencia permanente | Moumita Rahman \u2013 Abogados de Inmigraci\u00f3n\" \/>\n<meta property=\"og:description\" content=\"Nuestros abogados para residencia permanente est\u00e1n listos para ayudarte sin importar lo complejo de tu caso. Hablamos espa\u00f1ol. \u00a1Cont\u00e1ctanos!\" \/>\n<meta property=\"og:url\" content=\"https:\/\/www.rahmanlawpllc.com\/es\/servicios-migratorios\/residencia-permanente\/\" \/>\n<meta property=\"og:site_name\" content=\"Moumita Rahman \u2013 Abogados de Inmigraci\u00f3n\" \/>\n<meta property=\"article:publisher\" content=\"https:\/\/www.facebook.com\/abogadamoumita\" \/>\n<meta property=\"article:modified_time\" content=\"2025-10-17T03:52:27+00:00\" \/>\n<meta property=\"og:image\" content=\"https:\/\/www.rahmanlawpllc.com\/es\/wp-content\/uploads\/sites\/2\/2025\/02\/residencia-permanente-hero.webp\" \/>\n\t<meta property=\"og:image:width\" content=\"1280\" \/>\n\t<meta property=\"og:image:height\" content=\"808\" \/>\n\t<meta property=\"og:image:type\" content=\"image\/jpeg\" \/>\n<meta name=\"twitter:card\" content=\"summary_large_image\" \/>\n<meta name=\"twitter:label1\" content=\"Tiempo de lectura\" \/>\n\t<meta name=\"twitter:data1\" content=\"1 minuto\" \/>\n<script type=\"application\/ld+json\" class=\"yoast-schema-graph\">{\"@context\":\"https:\/\/schema.org\",\"@graph\":[{\"@type\":\"WebPage\",\"@id\":\"https:\/\/www.rahmanlawpllc.com\/es\/servicios-migratorios\/residencia-permanente\/\",\"url\":\"https:\/\/www.rahmanlawpllc.com\/es\/servicios-migratorios\/residencia-permanente\/\",\"name\":\"Abogados para residencia permanente | Moumita Rahman \u2013 Abogados de Inmigraci\u00f3n\",\"isPartOf\":{\"@id\":\"https:\/\/www.rahmanlawpllc.com\/es\/#website\"},\"primaryImageOfPage\":{\"@id\":\"https:\/\/www.rahmanlawpllc.com\/es\/servicios-migratorios\/residencia-permanente\/#primaryimage\"},\"image\":{\"@id\":\"https:\/\/www.rahmanlawpllc.com\/es\/servicios-migratorios\/residencia-permanente\/#primaryimage\"},\"thumbnailUrl\":\"https:\/\/rahmanlawpllc.com\/es\/wp-content\/uploads\/sites\/2\/2025\/02\/residencia-permanente-hero.webp\",\"datePublished\":\"2025-02-12T17:27:17+00:00\",\"dateModified\":\"2025-10-17T03:52:27+00:00\",\"description\":\"Nuestros abogados para residencia permanente est\u00e1n listos para ayudarte sin importar lo complejo de tu caso. Hablamos espa\u00f1ol. \u00a1Cont\u00e1ctanos!\",\"breadcrumb\":{\"@id\":\"https:\/\/www.rahmanlawpllc.com\/es\/servicios-migratorios\/residencia-permanente\/#breadcrumb\"},\"inLanguage\":\"es\",\"potentialAction\":[{\"@type\":\"ReadAction\",\"target\":[\"https:\/\/www.rahmanlawpllc.com\/es\/servicios-migratorios\/residencia-permanente\/\"]}]},{\"@type\":\"ImageObject\",\"inLanguage\":\"es\",\"@id\":\"https:\/\/www.rahmanlawpllc.com\/es\/servicios-migratorios\/residencia-permanente\/#primaryimage\",\"url\":\"https:\/\/rahmanlawpllc.com\/es\/wp-content\/uploads\/sites\/2\/2025\/02\/residencia-permanente-hero.webp\",\"contentUrl\":\"https:\/\/rahmanlawpllc.com\/es\/wp-content\/uploads\/sites\/2\/2025\/02\/residencia-permanente-hero.webp\",\"width\":1280,\"height\":808},{\"@type\":\"BreadcrumbList\",\"@id\":\"https:\/\/www.rahmanlawpllc.com\/es\/servicios-migratorios\/residencia-permanente\/#breadcrumb\",\"itemListElement\":[{\"@type\":\"ListItem\",\"position\":1,\"name\":\"Home\",\"item\":\"https:\/\/www.rahmanlawpllc.com\/es\/\"},{\"@type\":\"ListItem\",\"position\":2,\"name\":\"Servicios migratorios\",\"item\":\"https:\/\/www.rahmanlawpllc.com\/es\/servicios-migratorios\/\"},{\"@type\":\"ListItem\",\"position\":3,\"name\":\"Residencia permanente\"}]},{\"@type\":\"WebSite\",\"@id\":\"https:\/\/www.rahmanlawpllc.com\/es\/#website\",\"url\":\"https:\/\/www.rahmanlawpllc.com\/es\/\",\"name\":\"Moumita Rahman\",\"description\":\"Abogados de Inmigraci\u00f3n\",\"publisher\":{\"@id\":\"https:\/\/www.rahmanlawpllc.com\/es\/#organization\"},\"potentialAction\":[{\"@type\":\"SearchAction\",\"target\":{\"@type\":\"EntryPoint\",\"urlTemplate\":\"https:\/\/www.rahmanlawpllc.com\/es\/?s={search_term_string}\"},\"query-input\":{\"@type\":\"PropertyValueSpecification\",\"valueRequired\":true,\"valueName\":\"search_term_string\"}}],\"inLanguage\":\"es\"},{\"@type\":\"Organization\",\"@id\":\"https:\/\/www.rahmanlawpllc.com\/es\/#organization\",\"name\":\"The Law Firm of Moumita Rahman\",\"alternateName\":\"Moumita Rahman-Abogados de Inmigraci\u00f3n\",\"url\":\"https:\/\/www.rahmanlawpllc.com\/es\/\",\"logo\":{\"@type\":\"ImageObject\",\"inLanguage\":\"es\",\"@id\":\"https:\/\/www.rahmanlawpllc.com\/es\/#\/schema\/logo\/image\/\",\"url\":\"https:\/\/rahmanlawpllc.com\/es\/wp-content\/uploads\/sites\/2\/2025\/09\/moumita-rahman-abogados-de-inmigracion-org-logo.webp\",\"contentUrl\":\"https:\/\/rahmanlawpllc.com\/es\/wp-content\/uploads\/sites\/2\/2025\/09\/moumita-rahman-abogados-de-inmigracion-org-logo.webp\",\"width\":1200,\"height\":1200,\"caption\":\"The Law Firm of Moumita Rahman\"},\"image\":{\"@id\":\"https:\/\/www.rahmanlawpllc.com\/es\/#\/schema\/logo\/image\/\"},\"sameAs\":[\"https:\/\/www.facebook.com\/abogadamoumita\",\"https:\/\/www.instagram.com\/immigration_attorney_moumita\/\",\"https:\/\/www.youtube.com\/channel\/UCv4LsR5Xsu2BFCKQVv21SeQ\",\"https:\/\/www.tiktok.com\/@immigrationlawyermoumita\",\"https:\/\/www.linkedin.com\/company\/rahmanlawfirm\/\"]}]}<\/script>\n<!-- \/ Yoast SEO plugin. -->","yoast_head_json":{"title":"Abogados para residencia permanente | Moumita Rahman \u2013 Abogados de Inmigraci\u00f3n","description":"Nuestros abogados para residencia permanente est\u00e1n listos para ayudarte sin importar lo complejo de tu caso. Hablamos espa\u00f1ol. \u00a1Cont\u00e1ctanos!","robots":{"index":"index","follow":"follow","max-snippet":"max-snippet:-1","max-image-preview":"max-image-preview:large","max-video-preview":"max-video-preview:-1"},"canonical":"https:\/\/www.rahmanlawpllc.com\/es\/servicios-migratorios\/residencia-permanente\/","og_locale":"es_ES","og_type":"article","og_title":"Abogados para residencia permanente | Moumita Rahman \u2013 Abogados de Inmigraci\u00f3n","og_description":"Nuestros abogados para residencia permanente est\u00e1n listos para ayudarte sin importar lo complejo de tu caso. Hablamos espa\u00f1ol. \u00a1Cont\u00e1ctanos!","og_url":"https:\/\/www.rahmanlawpllc.com\/es\/servicios-migratorios\/residencia-permanente\/","og_site_name":"Moumita Rahman \u2013 Abogados de Inmigraci\u00f3n","article_publisher":"https:\/\/www.facebook.com\/abogadamoumita","article_modified_time":"2025-10-17T03:52:27+00:00","og_image":[{"width":1280,"height":808,"url":"https:\/\/www.rahmanlawpllc.com\/es\/wp-content\/uploads\/sites\/2\/2025\/02\/residencia-permanente-hero.webp","type":"image\/jpeg"}],"twitter_card":"summary_large_image","twitter_misc":{"Tiempo de lectura":"1 minuto"},"schema":{"@context":"https:\/\/schema.org","@graph":[{"@type":"WebPage","@id":"https:\/\/www.rahmanlawpllc.com\/es\/servicios-migratorios\/residencia-permanente\/","url":"https:\/\/www.rahmanlawpllc.com\/es\/servicios-migratorios\/residencia-permanente\/","name":"Abogados para residencia permanente | Moumita Rahman \u2013 Abogados de Inmigraci\u00f3n","isPartOf":{"@id":"https:\/\/www.rahmanlawpllc.com\/es\/#website"},"primaryImageOfPage":{"@id":"https:\/\/www.rahmanlawpllc.com\/es\/servicios-migratorios\/residencia-permanente\/#primaryimage"},"image":{"@id":"https:\/\/www.rahmanlawpllc.com\/es\/servicios-migratorios\/residencia-permanente\/#primaryimage"},"thumbnailUrl":"https:\/\/rahmanlawpllc.com\/es\/wp-content\/uploads\/sites\/2\/2025\/02\/residencia-permanente-hero.webp","datePublished":"2025-02-12T17:27:17+00:00","dateModified":"2025-10-17T03:52:27+00:00","description":"Nuestros abogados para residencia permanente est\u00e1n listos para ayudarte sin importar lo complejo de tu caso. Hablamos espa\u00f1ol. \u00a1Cont\u00e1ctanos!","breadcrumb":{"@id":"https:\/\/www.rahmanlawpllc.com\/es\/servicios-migratorios\/residencia-permanente\/#breadcrumb"},"inLanguage":"es","potentialAction":[{"@type":"ReadAction","target":["https:\/\/www.rahmanlawpllc.com\/es\/servicios-migratorios\/residencia-permanente\/"]}]},{"@type":"ImageObject","inLanguage":"es","@id":"https:\/\/www.rahmanlawpllc.com\/es\/servicios-migratorios\/residencia-permanente\/#primaryimage","url":"https:\/\/rahmanlawpllc.com\/es\/wp-content\/uploads\/sites\/2\/2025\/02\/residencia-permanente-hero.webp","contentUrl":"https:\/\/rahmanlawpllc.com\/es\/wp-content\/uploads\/sites\/2\/2025\/02\/residencia-permanente-hero.webp","width":1280,"height":808},{"@type":"BreadcrumbList","@id":"https:\/\/www.rahmanlawpllc.com\/es\/servicios-migratorios\/residencia-permanente\/#breadcrumb","itemListElement":[{"@type":"ListItem","position":1,"name":"Home","item":"https:\/\/www.rahmanlawpllc.com\/es\/"},{"@type":"ListItem","position":2,"name":"Servicios migratorios","item":"https:\/\/www.rahmanlawpllc.com\/es\/servicios-migratorios\/"},{"@type":"ListItem","position":3,"name":"Residencia permanente"}]},{"@type":"WebSite","@id":"https:\/\/www.rahmanlawpllc.com\/es\/#website","url":"https:\/\/www.rahmanlawpllc.com\/es\/","name":"Moumita Rahman","description":"Abogados de Inmigraci\u00f3n","publisher":{"@id":"https:\/\/www.rahmanlawpllc.com\/es\/#organization"},"potentialAction":[{"@type":"SearchAction","target":{"@type":"EntryPoint","urlTemplate":"https:\/\/www.rahmanlawpllc.com\/es\/?s={search_term_string}"},"query-input":{"@type":"PropertyValueSpecification","valueRequired":true,"valueName":"search_term_string"}}],"inLanguage":"es"},{"@type":"Organization","@id":"https:\/\/www.rahmanlawpllc.com\/es\/#organization","name":"The Law Firm of Moumita Rahman","alternateName":"Moumita Rahman-Abogados de Inmigraci\u00f3n","url":"https:\/\/www.rahmanlawpllc.com\/es\/","logo":{"@type":"ImageObject","inLanguage":"es","@id":"https:\/\/www.rahmanlawpllc.com\/es\/#\/schema\/logo\/image\/","url":"https:\/\/rahmanlawpllc.com\/es\/wp-content\/uploads\/sites\/2\/2025\/09\/moumita-rahman-abogados-de-inmigracion-org-logo.webp","contentUrl":"https:\/\/rahmanlawpllc.com\/es\/wp-content\/uploads\/sites\/2\/2025\/09\/moumita-rahman-abogados-de-inmigracion-org-logo.webp","width":1200,"height":1200,"caption":"The Law Firm of Moumita Rahman"},"image":{"@id":"https:\/\/www.rahmanlawpllc.com\/es\/#\/schema\/logo\/image\/"},"sameAs":["https:\/\/www.facebook.com\/abogadamoumita","https:\/\/www.instagram.com\/immigration_attorney_moumita\/","https:\/\/www.youtube.com\/channel\/UCv4LsR5Xsu2BFCKQVv21SeQ","https:\/\/www.tiktok.com\/@immigrationlawyermoumita","https:\/\/www.linkedin.com\/company\/rahmanlawfirm\/"]}]}},"_links":{"self":[{"href":"https:\/\/rahmanlawpllc.com\/es\/wp-json\/wp\/v2\/pages\/440","targetHints":{"allow":["GET"]}}],"collection":[{"href":"https:\/\/rahmanlawpllc.com\/es\/wp-json\/wp\/v2\/pages"}],"about":[{"href":"https:\/\/rahmanlawpllc.com\/es\/wp-json\/wp\/v2\/types\/page"}],"author":[{"embeddable":true,"href":"https:\/\/rahmanlawpllc.com\/es\/wp-json\/wp\/v2\/users\/1"}],"replies":[{"embeddable":true,"href":"https:\/\/rahmanlawpllc.com\/es\/wp-json\/wp\/v2\/comments?post=440"}],"version-history":[{"count":0,"href":"https:\/\/rahmanlawpllc.com\/es\/wp-json\/wp\/v2\/pages\/440\/revisions"}],"up":[{"embeddable":true,"href":"https:\/\/rahmanlawpllc.com\/es\/wp-json\/wp\/v2\/pages\/2382"}],"wp:featuredmedia":[{"embeddable":true,"href":"https:\/\/rahmanlawpllc.com\/es\/wp-json\/wp\/v2\/media\/976"}],"wp:attachment":[{"href":"https:\/\/rahmanlawpllc.com\/es\/wp-json\/wp\/v2\/media?parent=440"}],"curies":[{"name":"wp","href":"https:\/\/api.w.org\/{rel}","templated":true}]}}